{"id":1271,"date":"2022-11-02T09:53:46","date_gmt":"2022-11-02T09:53:46","guid":{"rendered":"https:\/\/ht-ceramgroup.insaneweb.it\/kontakte\/"},"modified":"2025-02-13T10:23:41","modified_gmt":"2025-02-13T10:23:41","slug":"kontakte","status":"publish","type":"page","link":"https:\/\/ht-ceramgroup.com\/de\/kontakte\/","title":{"rendered":"Kontakte"},"content":{"rendered":"\t\t<div data-elementor-type=\"wp-page\" data-elementor-id=\"1271\" class=\"elementor elementor-1271 elementor-123\" data-elementor-post-type=\"page\">\n\t\t\t\t\t\t<section class=\"elementor-section elementor-top-section elementor-element elementor-element-1506e36 elementor-section-boxed elementor-section-height-default elementor-section-height-default\" data-id=\"1506e36\" data-element_type=\"section\" data-e-type=\"section\">\n\t\t\t\t\t\t<div class=\"elementor-container elementor-column-gap-default\">\n\t\t\t\t\t<div class=\"elementor-column elementor-col-50 elementor-top-column elementor-element elementor-element-4aa0d708\" data-id=\"4aa0d708\" data-element_type=\"column\" data-e-type=\"column\">\n\t\t\t<div class=\"elementor-widget-wrap elementor-element-populated\">\n\t\t\t\t\t\t<div class=\"elementor-element elementor-element-17b9d32f elementor-widget elementor-widget-heading\" data-id=\"17b9d32f\" data-element_type=\"widget\" data-e-type=\"widget\" data-widget_type=\"heading.default\">\n\t\t\t\t<div class=\"elementor-widget-container\">\n\t\t\t\t\t<h2 class=\"elementor-heading-title elementor-size-default\">Nehmen wir Kontakt auf<\/h2>\t\t\t\t<\/div>\n\t\t\t\t<\/div>\n\t\t\t\t<div class=\"elementor-element elementor-element-63eac8ec elementor-widget elementor-widget-text-editor\" data-id=\"63eac8ec\" data-element_type=\"widget\" data-e-type=\"widget\" data-widget_type=\"text-editor.default\">\n\t\t\t\t<div class=\"elementor-widget-container\">\n\t\t\t\t\t\t\t\t\t<p>F\u00fcr technische oder kommerzielle Informationen wenden Sie sich bitte an unsere Mitarbeiter, die Ihnen \u00fcber die unten aufgef\u00fchrten Kontakte gerne weiterhelfen.<br \/>H.T. \u2013 Ceram S.r.l.<\/p>\n<p>Via dei Ponticelli 2, 25040 Corte Franca BS<\/p>\n\t\t\t\t\t\t\t\t<\/div>\n\t\t\t\t<\/div>\n\t\t\t\t<div class=\"elementor-element elementor-element-d530539 elementor-icon-list--layout-traditional elementor-list-item-link-full_width elementor-widget elementor-widget-icon-list\" data-id=\"d530539\" data-element_type=\"widget\" data-e-type=\"widget\" data-widget_type=\"icon-list.default\">\n\t\t\t\t<div class=\"elementor-widget-container\">\n\t\t\t\t\t\t\t<ul class=\"elementor-icon-list-items\">\n\t\t\t\t\t\t\t<li class=\"elementor-icon-list-item\">\n\t\t\t\t\t\t\t\t\t\t\t<a href=\"tel:+390309826694\">\n\n\t\t\t\t\t\t\t\t\t\t\t\t<span class=\"elementor-icon-list-icon\">\n\t\t\t\t\t\t\t<i aria-hidden=\"true\" class=\"fas fa-phone-alt\"><\/i>\t\t\t\t\t\t<\/span>\n\t\t\t\t\t\t\t\t\t\t<span class=\"elementor-icon-list-text\">Telefon: +39 030 982 6694<\/span>\n\t\t\t\t\t\t\t\t\t\t\t<\/a>\n\t\t\t\t\t\t\t\t\t<\/li>\n\t\t\t\t\t\t\t\t<li class=\"elementor-icon-list-item\">\n\t\t\t\t\t\t\t\t\t\t\t<a href=\"mailto:info@ht-ceramgroup.it\">\n\n\t\t\t\t\t\t\t\t\t\t\t\t<span class=\"elementor-icon-list-icon\">\n\t\t\t\t\t\t\t<i aria-hidden=\"true\" class=\"far fa-envelope\"><\/i>\t\t\t\t\t\t<\/span>\n\t\t\t\t\t\t\t\t\t\t<span class=\"elementor-icon-list-text\">Email: info@ht-ceramgroup.com<\/span>\n\t\t\t\t\t\t\t\t\t\t\t<\/a>\n\t\t\t\t\t\t\t\t\t<\/li>\n\t\t\t\t\t\t<\/ul>\n\t\t\t\t\t\t<\/div>\n\t\t\t\t<\/div>\n\t\t\t\t\t<\/div>\n\t\t<\/div>\n\t\t\t\t<div class=\"elementor-column elementor-col-50 elementor-top-column elementor-element elementor-element-7fb9317c\" data-id=\"7fb9317c\" data-element_type=\"column\" data-e-type=\"column\">\n\t\t\t<div class=\"elementor-widget-wrap elementor-element-populated\">\n\t\t\t\t\t\t<div class=\"elementor-element elementor-element-79f5f3b elementor-widget elementor-widget-image\" data-id=\"79f5f3b\" data-element_type=\"widget\" data-e-type=\"widget\" data-widget_type=\"image.default\">\n\t\t\t\t<div class=\"elementor-widget-container\">\n\t\t\t\t\t\t\t\t\t\t\t\t\t\t\t<img fetchpriority=\"high\" decoding=\"async\" width=\"800\" height=\"534\" src=\"https:\/\/ht-ceramgroup.com\/wp-content\/uploads\/2023\/07\/ht-ceram-group-azienda-1024x683.jpg\" class=\"attachment-large size-large wp-image-987\" alt=\"\" srcset=\"https:\/\/ht-ceramgroup.com\/wp-content\/uploads\/2023\/07\/ht-ceram-group-azienda-1024x683.jpg 1024w, https:\/\/ht-ceramgroup.com\/wp-content\/uploads\/2023\/07\/ht-ceram-group-azienda-300x200.jpg 300w, https:\/\/ht-ceramgroup.com\/wp-content\/uploads\/2023\/07\/ht-ceram-group-azienda-768x512.jpg 768w, https:\/\/ht-ceramgroup.com\/wp-content\/uploads\/2023\/07\/ht-ceram-group-azienda-1536x1024.jpg 1536w, https:\/\/ht-ceramgroup.com\/wp-content\/uploads\/2023\/07\/ht-ceram-group-azienda.jpg 1920w\" sizes=\"(max-width: 800px) 100vw, 800px\" \/>\t\t\t\t\t\t\t\t\t\t\t\t\t\t\t<\/div>\n\t\t\t\t<\/div>\n\t\t\t\t\t<\/div>\n\t\t<\/div>\n\t\t\t\t\t<\/div>\n\t\t<\/section>\n\t\t\t\t<section class=\"elementor-section elementor-top-section elementor-element elementor-element-6841226a elementor-section-boxed elementor-section-height-default elementor-section-height-default\" data-id=\"6841226a\" data-element_type=\"section\" data-e-type=\"section\" data-settings=\"{&quot;background_background&quot;:&quot;classic&quot;}\">\n\t\t\t\t\t\t<div class=\"elementor-container elementor-column-gap-default\">\n\t\t\t\t\t<div class=\"elementor-column elementor-col-100 elementor-top-column elementor-element elementor-element-27571725\" data-id=\"27571725\" data-element_type=\"column\" data-e-type=\"column\">\n\t\t\t<div class=\"elementor-widget-wrap elementor-element-populated\">\n\t\t\t\t\t\t<div class=\"elementor-element elementor-element-7e655ff4 elementor-widget elementor-widget-heading\" data-id=\"7e655ff4\" data-element_type=\"widget\" data-e-type=\"widget\" data-widget_type=\"heading.default\">\n\t\t\t\t<div class=\"elementor-widget-container\">\n\t\t\t\t\t<h6 class=\"elementor-heading-title elementor-size-default\">Eine Nachricht schicken<\/h6>\t\t\t\t<\/div>\n\t\t\t\t<\/div>\n\t\t\t\t<div class=\"elementor-element elementor-element-7c46799f elementor-widget elementor-widget-heading\" data-id=\"7c46799f\" data-element_type=\"widget\" data-e-type=\"widget\" data-widget_type=\"heading.default\">\n\t\t\t\t<div class=\"elementor-widget-container\">\n\t\t\t\t\t<h2 class=\"elementor-heading-title elementor-size-default\">F\u00fcllen Sie das Formular aus<\/h2>\t\t\t\t<\/div>\n\t\t\t\t<\/div>\n\t\t\t\t\t<\/div>\n\t\t<\/div>\n\t\t\t\t\t<\/div>\n\t\t<\/section>\n\t\t\t\t<section class=\"elementor-section elementor-top-section elementor-element elementor-element-5ef18aa5 elementor-section-boxed elementor-section-height-default elementor-section-height-default\" data-id=\"5ef18aa5\" data-element_type=\"section\" data-e-type=\"section\">\n\t\t\t\t\t\t<div class=\"elementor-container elementor-column-gap-default\">\n\t\t\t\t\t<div class=\"elementor-column elementor-col-100 elementor-top-column elementor-element elementor-element-4de47083\" data-id=\"4de47083\" data-element_type=\"column\" data-e-type=\"column\" data-settings=\"{&quot;background_background&quot;:&quot;classic&quot;}\">\n\t\t\t<div class=\"elementor-widget-wrap elementor-element-populated\">\n\t\t\t\t\t\t<section class=\"elementor-section elementor-inner-section elementor-element elementor-element-11b49769 elementor-section-content-middle elementor-section-boxed elementor-section-height-default elementor-section-height-default\" data-id=\"11b49769\" data-element_type=\"section\" data-e-type=\"section\">\n\t\t\t\t\t\t<div class=\"elementor-container elementor-column-gap-default\">\n\t\t\t\t\t<div class=\"elementor-column elementor-col-50 elementor-inner-column elementor-element elementor-element-4ca557a1\" data-id=\"4ca557a1\" data-element_type=\"column\" data-e-type=\"column\">\n\t\t\t<div class=\"elementor-widget-wrap elementor-element-populated\">\n\t\t\t\t\t\t<div class=\"elementor-element elementor-element-39916e3 elementor-button-align-stretch elementor-widget elementor-widget-form\" data-id=\"39916e3\" data-element_type=\"widget\" data-e-type=\"widget\" data-settings=\"{&quot;step_next_label&quot;:&quot;Successivo&quot;,&quot;step_previous_label&quot;:&quot;Precedente&quot;,&quot;button_width&quot;:&quot;100&quot;,&quot;step_type&quot;:&quot;number_text&quot;,&quot;step_icon_shape&quot;:&quot;circle&quot;}\" data-widget_type=\"form.default\">\n\t\t\t\t<div class=\"elementor-widget-container\">\n\t\t\t\t\t\t\t<form class=\"elementor-form\" method=\"post\" name=\"Kontaktieren Sie uns - Seite\" aria-label=\"Kontaktieren Sie uns - Seite\">\n\t\t\t<input type=\"hidden\" name=\"post_id\" value=\"1271\"\/>\n\t\t\t<input type=\"hidden\" name=\"form_id\" value=\"39916e3\"\/>\n\t\t\t<input type=\"hidden\" name=\"referer_title\" value=\"HT Ceram Group\" \/>\n\n\t\t\t\n\t\t\t<div class=\"elementor-form-fields-wrapper elementor-labels-\">\n\t\t\t\t\t\t\t\t<div class=\"elementor-field-type-text elementor-field-group elementor-column elementor-field-group-name elementor-col-50\">\n\t\t\t\t\t\t\t\t\t\t\t\t<label for=\"form-field-name\" class=\"elementor-field-label elementor-screen-only\">\n\t\t\t\t\t\t\t\tNicht ich\t\t\t\t\t\t\t<\/label>\n\t\t\t\t\t\t\t\t\t\t\t\t\t\t<input size=\"1\" type=\"text\" name=\"form_fields[name]\" id=\"form-field-name\" class=\"elementor-field elementor-size-sm  elementor-field-textual\" placeholder=\"Nicht ich\">\n\t\t\t\t\t\t\t\t\t\t\t<\/div>\n\t\t\t\t\t\t\t\t<div class=\"elementor-field-type-text elementor-field-group elementor-column elementor-field-group-cognome elementor-col-50\">\n\t\t\t\t\t\t\t\t\t\t\t\t<label for=\"form-field-cognome\" class=\"elementor-field-label elementor-screen-only\">\n\t\t\t\t\t\t\t\tNachname\t\t\t\t\t\t\t<\/label>\n\t\t\t\t\t\t\t\t\t\t\t\t\t\t<input size=\"1\" type=\"text\" name=\"form_fields[cognome]\" id=\"form-field-cognome\" class=\"elementor-field elementor-size-sm  elementor-field-textual\" placeholder=\"Nachname\">\n\t\t\t\t\t\t\t\t\t\t\t<\/div>\n\t\t\t\t\t\t\t\t<div class=\"elementor-field-type-email elementor-field-group elementor-column elementor-field-group-email elementor-col-100 elementor-field-required\">\n\t\t\t\t\t\t\t\t\t\t\t\t<label for=\"form-field-email\" class=\"elementor-field-label elementor-screen-only\">\n\t\t\t\t\t\t\t\tEmail\t\t\t\t\t\t\t<\/label>\n\t\t\t\t\t\t\t\t\t\t\t\t\t\t<input size=\"1\" type=\"email\" name=\"form_fields[email]\" id=\"form-field-email\" class=\"elementor-field elementor-size-sm  elementor-field-textual\" placeholder=\"Email\" required=\"required\">\n\t\t\t\t\t\t\t\t\t\t\t<\/div>\n\t\t\t\t\t\t\t\t<div class=\"elementor-field-type-tel elementor-field-group elementor-column elementor-field-group-telefono elementor-col-100 elementor-field-required\">\n\t\t\t\t\t\t\t\t\t\t\t\t<label for=\"form-field-telefono\" class=\"elementor-field-label elementor-screen-only\">\n\t\t\t\t\t\t\t\tTelefon\t\t\t\t\t\t\t<\/label>\n\t\t\t\t\t\t\t\t<input size=\"1\" type=\"tel\" name=\"form_fields[telefono]\" id=\"form-field-telefono\" class=\"elementor-field elementor-size-sm  elementor-field-textual\" placeholder=\"Telefon\" required=\"required\" pattern=\"[0-9()#&amp;+*-=.]+\" title=\"Only numbers and phone characters (#, -, *, etc) are accepted.\">\n\n\t\t\t\t\t\t<\/div>\n\t\t\t\t\t\t\t\t<div class=\"elementor-field-type-textarea elementor-field-group elementor-column elementor-field-group-message elementor-col-100\">\n\t\t\t\t\t\t\t\t\t\t\t\t<label for=\"form-field-message\" class=\"elementor-field-label elementor-screen-only\">\n\t\t\t\t\t\t\t\tNachricht\t\t\t\t\t\t\t<\/label>\n\t\t\t\t\t\t<textarea class=\"elementor-field-textual elementor-field  elementor-size-sm\" name=\"form_fields[message]\" id=\"form-field-message\" rows=\"4\" placeholder=\"Nachricht\"><\/textarea>\t\t\t\t<\/div>\n\t\t\t\t\t\t\t\t<div class=\"elementor-field-type-acceptance elementor-field-group elementor-column elementor-field-group-field_03a40f0 elementor-col-100 elementor-field-required\">\n\t\t\t\t\t\t\t\t\t\t\t\t<label for=\"form-field-field_03a40f0\" class=\"elementor-field-label elementor-screen-only\">\n\t\t\t\t\t\t\t\tDatenschutzrichtlinie\t\t\t\t\t\t\t<\/label>\n\t\t\t\t\t\t\t\t<div class=\"elementor-field-subgroup\">\n\t\t\t<span class=\"elementor-field-option\">\n\t\t\t\t<input type=\"checkbox\" name=\"form_fields[field_03a40f0]\" id=\"form-field-field_03a40f0\" class=\"elementor-field elementor-size-sm  elementor-acceptance-field\" required=\"required\">\n\t\t\t\t<label for=\"form-field-field_03a40f0\">Ich habe die <a href=\"https:\/\/ht-ceramgroup.com\/de\/datenschutzrichtlinie\/\" target=\"_blank\">Datenschutzerkl\u00e4rung<\/a> gelesen und akzeptiere sie<\/label>\t\t\t<\/span>\n\t\t<\/div>\n\t\t\t\t\t\t<\/div>\n\t\t\t\t\t\t\t\t<div class=\"elementor-field-type-text\">\n\t\t\t\t\t<input size=\"1\" type=\"text\" name=\"form_fields[field_aa947b0]\" id=\"form-field-field_aa947b0\" class=\"elementor-field elementor-size-sm \" style=\"display:none !important;\">\t\t\t\t<\/div>\n\t\t\t\t\t\t\t\t<div class=\"elementor-field-type-recaptcha_v3 elementor-field-group elementor-column elementor-field-group-field_af64441 elementor-col-100 recaptcha_v3-bottomright\">\n\t\t\t\t\t<div class=\"elementor-field\" id=\"form-field-field_af64441\"><div class=\"elementor-g-recaptcha\" data-sitekey=\"6LfjSaAqAAAAANzQnikDx1rRc9QNZM2su4_HHgQ5\" data-type=\"v3\" data-action=\"Form\" data-badge=\"bottomright\" data-size=\"invisible\"><\/div><\/div>\t\t\t\t<\/div>\n\t\t\t\t\t\t\t\t<div class=\"elementor-field-group elementor-column elementor-field-type-submit elementor-col-100 e-form__buttons\">\n\t\t\t\t\t<button class=\"elementor-button elementor-size-sm\" type=\"submit\">\n\t\t\t\t\t\t<span class=\"elementor-button-content-wrapper\">\n\t\t\t\t\t\t\t\t\t\t\t\t\t\t\t\t\t\t\t\t\t\t<span class=\"elementor-button-text\">Schicken<\/span>\n\t\t\t\t\t\t\t\t\t\t\t\t\t<\/span>\n\t\t\t\t\t<\/button>\n\t\t\t\t<\/div>\n\t\t\t<\/div>\n\t\t<\/form>\n\t\t\t\t\t\t<\/div>\n\t\t\t\t<\/div>\n\t\t\t\t\t<\/div>\n\t\t<\/div>\n\t\t\t\t<div class=\"elementor-column elementor-col-50 elementor-inner-column elementor-element elementor-element-15e27856\" data-id=\"15e27856\" data-element_type=\"column\" data-e-type=\"column\">\n\t\t\t<div class=\"elementor-widget-wrap elementor-element-populated\">\n\t\t\t\t\t\t<div class=\"elementor-element elementor-element-3de624d6 elementor-widget elementor-widget-google_maps\" data-id=\"3de624d6\" data-element_type=\"widget\" data-e-type=\"widget\" data-widget_type=\"google_maps.default\">\n\t\t\t\t<div class=\"elementor-widget-container\">\n\t\t\t\t\t\t\t<div class=\"elementor-custom-embed\">\n\t\t\t<iframe loading=\"lazy\"\n\t\t\t\t\tsrc=\"https:\/\/maps.google.com\/maps?q=Via%20dei%20Ponticelli%2C%202%2C%2025040%20Brescia%2C%20BS&#038;t=m&#038;z=12&#038;output=embed&#038;iwloc=near\"\n\t\t\t\t\ttitle=\"Via dei Ponticelli, 2, 25040 Brescia, BS\"\n\t\t\t\t\taria-label=\"Via dei Ponticelli, 2, 25040 Brescia, BS\"\n\t\t\t><\/iframe>\n\t\t<\/div>\n\t\t\t\t\t\t<\/div>\n\t\t\t\t<\/div>\n\t\t\t\t\t<\/div>\n\t\t<\/div>\n\t\t\t\t\t<\/div>\n\t\t<\/section>\n\t\t\t\t\t<\/div>\n\t\t<\/div>\n\t\t\t\t\t<\/div>\n\t\t<\/section>\n\t\t\t\t<\/div>\n\t\t","protected":false},"excerpt":{"rendered":"<p>Nehmen wir Kontakt auf F\u00fcr technische oder kommerzielle Informationen wenden Sie sich bitte an unsere Mitarbeiter, die Ihnen \u00fcber die unten aufgef\u00fchrten Kontakte gerne weiterhelfen.H.T. \u2013 Ceram S.r.l. Via dei Ponticelli 2, 25040 Corte Franca BS Telefon: +39 030 982 6694 Email: info@ht-ceramgroup.com Eine Nachricht schicken F\u00fcllen Sie das Formular aus<\/p>\n","protected":false},"author":1,"featured_media":0,"parent":0,"menu_order":0,"comment_status":"closed","ping_status":"closed","template":"","meta":{"footnotes":""},"class_list":["post-1271","page","type-page","status-publish","hentry"],"yoast_head":"<!-- This site is optimized with the Yoast SEO plugin v27.0 - https:\/\/yoast.com\/product\/yoast-seo-wordpress\/ -->\n<title>Kontakte - HT Ceram Group<\/title>\n<meta name=\"robots\" content=\"index, follow, max-snippet:-1, max-image-preview:large, max-video-preview:-1\" \/>\n<link rel=\"canonical\" href=\"https:\/\/ht-ceramgroup.com\/de\/kontakte\/\" \/>\n<meta property=\"og:locale\" content=\"de_DE\" \/>\n<meta property=\"og:type\" content=\"article\" \/>\n<meta property=\"og:title\" content=\"Kontakte - HT Ceram Group\" \/>\n<meta property=\"og:description\" content=\"Nehmen wir Kontakt auf F\u00fcr technische oder kommerzielle Informationen wenden Sie sich bitte an unsere Mitarbeiter, die Ihnen \u00fcber die unten aufgef\u00fchrten Kontakte gerne weiterhelfen.H.T. \u2013 Ceram S.r.l. Via dei Ponticelli 2, 25040 Corte Franca BS Telefon: +39 030 982 6694 Email: info@ht-ceramgroup.com Eine Nachricht schicken F\u00fcllen Sie das Formular aus\" \/>\n<meta property=\"og:url\" content=\"https:\/\/ht-ceramgroup.com\/de\/kontakte\/\" \/>\n<meta property=\"og:site_name\" content=\"HT Ceram Group\" \/>\n<meta property=\"article:modified_time\" content=\"2025-02-13T10:23:41+00:00\" \/>\n<meta property=\"og:image\" content=\"https:\/\/ht-ceramgroup.com\/wp-content\/uploads\/2023\/07\/ht-ceram-group-azienda.jpg\" \/>\n\t<meta property=\"og:image:width\" content=\"1920\" \/>\n\t<meta property=\"og:image:height\" content=\"1280\" \/>\n\t<meta property=\"og:image:type\" content=\"image\/jpeg\" \/>\n<meta name=\"twitter:card\" content=\"summary_large_image\" \/>\n<script type=\"application\/ld+json\" class=\"yoast-schema-graph\">{\"@context\":\"https:\/\/schema.org\",\"@graph\":[{\"@type\":\"WebPage\",\"@id\":\"https:\/\/ht-ceramgroup.com\/de\/kontakte\/\",\"url\":\"https:\/\/ht-ceramgroup.com\/de\/kontakte\/\",\"name\":\"Kontakte - HT Ceram Group\",\"isPartOf\":{\"@id\":\"https:\/\/ht-ceramgroup.com\/de\/#website\"},\"primaryImageOfPage\":{\"@id\":\"https:\/\/ht-ceramgroup.com\/de\/kontakte\/#primaryimage\"},\"image\":{\"@id\":\"https:\/\/ht-ceramgroup.com\/de\/kontakte\/#primaryimage\"},\"thumbnailUrl\":\"https:\/\/ht-ceramgroup.com\/wp-content\/uploads\/2023\/07\/ht-ceram-group-azienda-1024x683.jpg\",\"datePublished\":\"2022-11-02T09:53:46+00:00\",\"dateModified\":\"2025-02-13T10:23:41+00:00\",\"breadcrumb\":{\"@id\":\"https:\/\/ht-ceramgroup.com\/de\/kontakte\/#breadcrumb\"},\"inLanguage\":\"de-DE\",\"potentialAction\":[{\"@type\":\"ReadAction\",\"target\":[\"https:\/\/ht-ceramgroup.com\/de\/kontakte\/\"]}]},{\"@type\":\"ImageObject\",\"inLanguage\":\"de-DE\",\"@id\":\"https:\/\/ht-ceramgroup.com\/de\/kontakte\/#primaryimage\",\"url\":\"https:\/\/ht-ceramgroup.com\/wp-content\/uploads\/2023\/07\/ht-ceram-group-azienda-1024x683.jpg\",\"contentUrl\":\"https:\/\/ht-ceramgroup.com\/wp-content\/uploads\/2023\/07\/ht-ceram-group-azienda-1024x683.jpg\"},{\"@type\":\"BreadcrumbList\",\"@id\":\"https:\/\/ht-ceramgroup.com\/de\/kontakte\/#breadcrumb\",\"itemListElement\":[{\"@type\":\"ListItem\",\"position\":1,\"name\":\"HT Ceram Group\",\"item\":\"https:\/\/ht-ceramgroup.com\/de\/home-page\/\"},{\"@type\":\"ListItem\",\"position\":2,\"name\":\"Kontakte\"}]},{\"@type\":\"WebSite\",\"@id\":\"https:\/\/ht-ceramgroup.com\/de\/#website\",\"url\":\"https:\/\/ht-ceramgroup.com\/de\/\",\"name\":\"HT Ceram Group\",\"description\":\"\",\"publisher\":{\"@id\":\"https:\/\/ht-ceramgroup.com\/de\/#organization\"},\"potentialAction\":[{\"@type\":\"SearchAction\",\"target\":{\"@type\":\"EntryPoint\",\"urlTemplate\":\"https:\/\/ht-ceramgroup.com\/de\/?s={search_term_string}\"},\"query-input\":{\"@type\":\"PropertyValueSpecification\",\"valueRequired\":true,\"valueName\":\"search_term_string\"}}],\"inLanguage\":\"de-DE\"},{\"@type\":\"Organization\",\"@id\":\"https:\/\/ht-ceramgroup.com\/de\/#organization\",\"name\":\"HT Ceram Group\",\"alternateName\":\"HT Ceram Group\",\"url\":\"https:\/\/ht-ceramgroup.com\/de\/\",\"logo\":{\"@type\":\"ImageObject\",\"inLanguage\":\"de-DE\",\"@id\":\"https:\/\/ht-ceramgroup.com\/de\/#\/schema\/logo\/image\/\",\"url\":\"https:\/\/ht-ceramgroup.com\/wp-content\/uploads\/2022\/11\/ht-ceramic.png\",\"contentUrl\":\"https:\/\/ht-ceramgroup.com\/wp-content\/uploads\/2022\/11\/ht-ceramic.png\",\"width\":500,\"height\":126,\"caption\":\"HT Ceram Group\"},\"image\":{\"@id\":\"https:\/\/ht-ceramgroup.com\/de\/#\/schema\/logo\/image\/\"}}]}<\/script>\n<!-- \/ Yoast SEO plugin. -->","yoast_head_json":{"title":"Kontakte - HT Ceram Group","robots":{"index":"index","follow":"follow","max-snippet":"max-snippet:-1","max-image-preview":"max-image-preview:large","max-video-preview":"max-video-preview:-1"},"canonical":"https:\/\/ht-ceramgroup.com\/de\/kontakte\/","og_locale":"de_DE","og_type":"article","og_title":"Kontakte - HT Ceram Group","og_description":"Nehmen wir Kontakt auf F\u00fcr technische oder kommerzielle Informationen wenden Sie sich bitte an unsere Mitarbeiter, die Ihnen \u00fcber die unten aufgef\u00fchrten Kontakte gerne weiterhelfen.H.T. \u2013 Ceram S.r.l. Via dei Ponticelli 2, 25040 Corte Franca BS Telefon: +39 030 982 6694 Email: info@ht-ceramgroup.com Eine Nachricht schicken F\u00fcllen Sie das Formular aus","og_url":"https:\/\/ht-ceramgroup.com\/de\/kontakte\/","og_site_name":"HT Ceram Group","article_modified_time":"2025-02-13T10:23:41+00:00","og_image":[{"width":1920,"height":1280,"url":"https:\/\/ht-ceramgroup.com\/wp-content\/uploads\/2023\/07\/ht-ceram-group-azienda.jpg","type":"image\/jpeg"}],"twitter_card":"summary_large_image","schema":{"@context":"https:\/\/schema.org","@graph":[{"@type":"WebPage","@id":"https:\/\/ht-ceramgroup.com\/de\/kontakte\/","url":"https:\/\/ht-ceramgroup.com\/de\/kontakte\/","name":"Kontakte - HT Ceram Group","isPartOf":{"@id":"https:\/\/ht-ceramgroup.com\/de\/#website"},"primaryImageOfPage":{"@id":"https:\/\/ht-ceramgroup.com\/de\/kontakte\/#primaryimage"},"image":{"@id":"https:\/\/ht-ceramgroup.com\/de\/kontakte\/#primaryimage"},"thumbnailUrl":"https:\/\/ht-ceramgroup.com\/wp-content\/uploads\/2023\/07\/ht-ceram-group-azienda-1024x683.jpg","datePublished":"2022-11-02T09:53:46+00:00","dateModified":"2025-02-13T10:23:41+00:00","breadcrumb":{"@id":"https:\/\/ht-ceramgroup.com\/de\/kontakte\/#breadcrumb"},"inLanguage":"de-DE","potentialAction":[{"@type":"ReadAction","target":["https:\/\/ht-ceramgroup.com\/de\/kontakte\/"]}]},{"@type":"ImageObject","inLanguage":"de-DE","@id":"https:\/\/ht-ceramgroup.com\/de\/kontakte\/#primaryimage","url":"https:\/\/ht-ceramgroup.com\/wp-content\/uploads\/2023\/07\/ht-ceram-group-azienda-1024x683.jpg","contentUrl":"https:\/\/ht-ceramgroup.com\/wp-content\/uploads\/2023\/07\/ht-ceram-group-azienda-1024x683.jpg"},{"@type":"BreadcrumbList","@id":"https:\/\/ht-ceramgroup.com\/de\/kontakte\/#breadcrumb","itemListElement":[{"@type":"ListItem","position":1,"name":"HT Ceram Group","item":"https:\/\/ht-ceramgroup.com\/de\/home-page\/"},{"@type":"ListItem","position":2,"name":"Kontakte"}]},{"@type":"WebSite","@id":"https:\/\/ht-ceramgroup.com\/de\/#website","url":"https:\/\/ht-ceramgroup.com\/de\/","name":"HT Ceram Group","description":"","publisher":{"@id":"https:\/\/ht-ceramgroup.com\/de\/#organization"},"potentialAction":[{"@type":"SearchAction","target":{"@type":"EntryPoint","urlTemplate":"https:\/\/ht-ceramgroup.com\/de\/?s={search_term_string}"},"query-input":{"@type":"PropertyValueSpecification","valueRequired":true,"valueName":"search_term_string"}}],"inLanguage":"de-DE"},{"@type":"Organization","@id":"https:\/\/ht-ceramgroup.com\/de\/#organization","name":"HT Ceram Group","alternateName":"HT Ceram Group","url":"https:\/\/ht-ceramgroup.com\/de\/","logo":{"@type":"ImageObject","inLanguage":"de-DE","@id":"https:\/\/ht-ceramgroup.com\/de\/#\/schema\/logo\/image\/","url":"https:\/\/ht-ceramgroup.com\/wp-content\/uploads\/2022\/11\/ht-ceramic.png","contentUrl":"https:\/\/ht-ceramgroup.com\/wp-content\/uploads\/2022\/11\/ht-ceramic.png","width":500,"height":126,"caption":"HT Ceram Group"},"image":{"@id":"https:\/\/ht-ceramgroup.com\/de\/#\/schema\/logo\/image\/"}}]}},"_links":{"self":[{"href":"https:\/\/ht-ceramgroup.com\/de\/wp-json\/wp\/v2\/pages\/1271","targetHints":{"allow":["GET"]}}],"collection":[{"href":"https:\/\/ht-ceramgroup.com\/de\/wp-json\/wp\/v2\/pages"}],"about":[{"href":"https:\/\/ht-ceramgroup.com\/de\/wp-json\/wp\/v2\/types\/page"}],"author":[{"embeddable":true,"href":"https:\/\/ht-ceramgroup.com\/de\/wp-json\/wp\/v2\/users\/1"}],"replies":[{"embeddable":true,"href":"https:\/\/ht-ceramgroup.com\/de\/wp-json\/wp\/v2\/comments?post=1271"}],"version-history":[{"count":5,"href":"https:\/\/ht-ceramgroup.com\/de\/wp-json\/wp\/v2\/pages\/1271\/revisions"}],"predecessor-version":[{"id":1732,"href":"https:\/\/ht-ceramgroup.com\/de\/wp-json\/wp\/v2\/pages\/1271\/revisions\/1732"}],"wp:attachment":[{"href":"https:\/\/ht-ceramgroup.com\/de\/wp-json\/wp\/v2\/media?parent=1271"}],"curies":[{"name":"wp","href":"https:\/\/api.w.org\/{rel}","templated":true}]}}